{"id":218,"date":"2015-01-04T15:27:24","date_gmt":"2015-01-04T13:27:24","guid":{"rendered":"http:\/\/jfmedicaltranslation.com\/?page_id=218"},"modified":"2022-12-22T03:25:32","modified_gmt":"2022-12-22T01:25:32","slug":"kontakt","status":"publish","type":"page","link":"https:\/\/jfmedicaltranslation.com\/de\/kontakt\/","title":{"rendered":"Kontakt"},"content":{"rendered":"<p>[et_pb_section fb_built=&#8220;1&#8243; admin_label=&#8220;section&#8220; _builder_version=&#8220;4.16&#8243; background_color=&#8220;#00ae98&#8243; transparent_background=&#8220;off&#8220; global_colors_info=&#8220;{}&#8220;][et_pb_row admin_label=&#8220;row&#8220; _builder_version=&#8220;4.16&#8243; background_size=&#8220;initial&#8220; background_position=&#8220;top_left&#8220; background_repeat=&#8220;repeat&#8220; global_colors_info=&#8220;{}&#8220;][et_pb_column type=&#8220;4_4&#8243; _builder_version=&#8220;4.16&#8243; custom_padding=&#8220;|||&#8220; global_colors_info=&#8220;{}&#8220; custom_padding__hover=&#8220;|||&#8220;][et_pb_text _builder_version=&#8220;4.16&#8243; background_size=&#8220;initial&#8220; background_position=&#8220;top_left&#8220; background_repeat=&#8220;repeat&#8220; background_layout=&#8220;dark&#8220; global_colors_info=&#8220;{}&#8220;]<\/p>\n<h2>Kontakt<\/h2>\n<p>[\/et_pb_text][\/et_pb_column][\/et_pb_row][\/et_pb_section][et_pb_section fb_built=&#8220;1&#8243; admin_label=&#8220;section&#8220; _builder_version=&#8220;4.16&#8243; global_colors_info=&#8220;{}&#8220;][et_pb_row _builder_version=&#8220;4.16&#8243; background_size=&#8220;initial&#8220; background_position=&#8220;top_left&#8220; background_repeat=&#8220;repeat&#8220; hover_enabled=&#8220;0&#8243; global_colors_info=&#8220;{}&#8220; column_structure=&#8220;1_4,3_4&#8243; sticky_enabled=&#8220;0&#8243;][et_pb_column type=&#8220;1_4&#8243; _builder_version=&#8220;4.16&#8243; custom_padding=&#8220;|||&#8220; global_colors_info=&#8220;{}&#8220; custom_padding__hover=&#8220;|||&#8220;][et_pb_image src=&#8220;http:\/\/jfmedicaltranslation.com\/wp-content\/uploads\/2022\/12\/JayneFox2-400&#215;600-1.jpg&#8220; align_tablet=&#8220;center&#8220; align_last_edited=&#8220;on|desktop&#8220; _builder_version=&#8220;4.19.2&#8243; hover_enabled=&#8220;0&#8243; global_colors_info=&#8220;{}&#8220; alt=&#8220;Jayne Fox medizinischen Fach\u00fcbersetzungen&#8220; title_text=&#8220;JayneFox2-400&#215;600&#8243; sticky_enabled=&#8220;0&#8243; align_phone=&#8220;center&#8220;][\/et_pb_image][\/et_pb_column][et_pb_column type=&#8220;3_4&#8243; _builder_version=&#8220;4.16&#8243; custom_padding=&#8220;|||&#8220; global_colors_info=&#8220;{}&#8220; custom_padding__hover=&#8220;|||&#8220;][et_pb_text _builder_version=&#8220;4.16&#8243; global_colors_info=&#8220;{}&#8220;]<\/p>\n<p>Ben\u00f6tigen Sie medizinische \u00dcbersetzungen aus dem Deutschen ins Englische? Sprechen Sie mich an, damit wir unser weiteres Vorgehen absprechen k\u00f6nnen. Ich freue mich auf Ihre Kontaktaufnahme.<\/p>\n<p>Ich stamme aus England, wohne aber seit Jahren in Neuseeland. Meine Kunden kommen aus der ganzen Welt.<\/p>\n<p><strong>E-Mail:<\/strong> jayne(at)jayne-fox.com<\/p>\n<p><strong>Telefon: <\/strong> England: +44 1158 88 1086 \/ Neuseeland: +64 4 889 0316<\/p>\n<p>Jayne Fox Medical Translation | Foxdocs Limited\u00a0| \u00dcbersetzungen und Lektorat<\/p>\n<p>Die vollst\u00e4ndige Adresse finden Sie im\u00a0<a href=\"\/?page_id=223\">Impressum<\/a>.<\/p>\n<p>[\/et_pb_text][\/et_pb_column][\/et_pb_row][\/et_pb_section]<\/p>\n","protected":false},"excerpt":{"rendered":"<p>Kontaktieren Sie Jayne Fox Medical Translation f\u00fcr Ihre \u00dcbersetzungen aus dem Deutschen ins Englische im Fachgebiet Medizin.<\/p>\n","protected":false},"author":3,"featured_media":221,"parent":0,"menu_order":30,"comment_status":"closed","ping_status":"closed","template":"","meta":{"_et_pb_use_builder":"on","_et_pb_old_content":"<p>[et_pb_section][et_pb_row][et_pb_column type=\"4_4\"][et_pb_text admin_label=\"Text\" background_layout=\"light\" text_orientation=\"left\"]Are you looking for German-English medical translation or editing? Get in touch to secure my availability. I\u2019ll be delighted to hear from you.[\/et_pb_text][et_pb_contact_form admin_label=\"Contact Form\" captcha=\"on\" email=\"jayne@jfmedicaltranslation.com\" title=\"Contact me\" \/][\/et_pb_column][\/et_pb_row][et_pb_row][et_pb_column type=\"4_4\"][et_pb_text admin_label=\"Text\" background_layout=\"light\" text_orientation=\"left\"]<\/p><h2>Office details<\/h2><p>UK \u2022 Switzerland \u2022 New Zealand European customers can contact me directly or via my project manager in Switzerland. Originally from England, I am now based in New Zealand, where I work for clients around the world. [\/et_pb_text][\/et_pb_column][\/et_pb_row][et_pb_row][et_pb_column type=\"1_3\"][et_pb_text admin_label=\"CH\" background_layout=\"light\" text_orientation=\"left\"]<strong>Switzerland <\/strong> Phone: +41 26 492 08 78 Email: info(at)jfmedicaltranslation.com Contact my project manager in Switzerland with your request or to secure my availability.[\/et_pb_text][\/et_pb_column][et_pb_column type=\"1_3\"][et_pb_text admin_label=\"UK\" background_layout=\"light\" text_orientation=\"left\"] <strong>United Kingdom <\/strong> Phone: +44 1158 88 1086 Email: uk(at)jfmedicaltranslation.com My UK office provides medical editing and proofreading. [\/et_pb_text][\/et_pb_column][et_pb_column type=\"1_3\"][et_pb_text admin_label=\"NZ\" background_layout=\"light\" text_orientation=\"left\"]<strong>New Zealand<\/strong> Phone +64 4 977 3151 Email: jayne(at)jfmedicaltranslation.com I work from my office in New Zealand for clients around the world.[\/et_pb_text][\/et_pb_column][\/et_pb_row][et_pb_row][et_pb_column type=\"4_4\"][et_pb_text admin_label=\"Text\" background_layout=\"light\" text_orientation=\"left\"] See my <a title=\"Legal Info\" href=\"http:\/\/jfmedicaltranslation.com\/contact\/legal-info\/\">legal information<\/a> for full address details. [\/et_pb_text][\/et_pb_column][\/et_pb_row][\/et_pb_section]<\/p>","_et_gb_content_width":"","footnotes":""},"_links":{"self":[{"href":"https:\/\/jfmedicaltranslation.com\/de\/wp-json\/wp\/v2\/pages\/218"}],"collection":[{"href":"https:\/\/jfmedicaltranslation.com\/de\/wp-json\/wp\/v2\/pages"}],"about":[{"href":"https:\/\/jfmedicaltranslation.com\/de\/wp-json\/wp\/v2\/types\/page"}],"author":[{"embeddable":true,"href":"https:\/\/jfmedicaltranslation.com\/de\/wp-json\/wp\/v2\/users\/3"}],"replies":[{"embeddable":true,"href":"https:\/\/jfmedicaltranslation.com\/de\/wp-json\/wp\/v2\/comments?post=218"}],"version-history":[{"count":2,"href":"https:\/\/jfmedicaltranslation.com\/de\/wp-json\/wp\/v2\/pages\/218\/revisions"}],"predecessor-version":[{"id":712,"href":"https:\/\/jfmedicaltranslation.com\/de\/wp-json\/wp\/v2\/pages\/218\/revisions\/712"}],"wp:featuredmedia":[{"embeddable":true,"href":"https:\/\/jfmedicaltranslation.com\/de\/wp-json\/wp\/v2\/media\/221"}],"wp:attachment":[{"href":"https:\/\/jfmedicaltranslation.com\/de\/wp-json\/wp\/v2\/media?parent=218"}],"curies":[{"name":"wp","href":"https:\/\/api.w.org\/{rel}","templated":true}]}}